{"id":4668,"date":"2023-12-01T09:08:06","date_gmt":"2023-12-01T08:08:06","guid":{"rendered":"https:\/\/radarprocess.com\/canal-de-denuncias\/"},"modified":"2024-01-17T15:04:38","modified_gmt":"2024-01-17T14:04:38","slug":"complaints-channel","status":"publish","type":"page","link":"https:\/\/radarprocess.com\/en\/complaints-channel\/","title":{"rendered":"Complaints channel"},"content":{"rendered":"\t\t<div data-elementor-type=\"wp-page\" data-elementor-id=\"4668\" class=\"elementor elementor-4668 elementor-4647\" data-elementor-post-type=\"page\">\n\t\t\t\t\t\t<section data-particle_enable=\"false\" data-particle-mobile-disabled=\"false\" class=\"elementor-section elementor-top-section elementor-element elementor-element-a42085d elementor-section-boxed elementor-section-height-default elementor-section-height-default\" data-id=\"a42085d\" data-element_type=\"section\">\n\t\t\t\t\t\t<div class=\"elementor-container elementor-column-gap-default\">\n\t\t\t\t\t<div class=\"elementor-column elementor-col-100 elementor-top-column elementor-element elementor-element-7072382\" data-id=\"7072382\" data-element_type=\"column\">\n\t\t\t<div class=\"elementor-widget-wrap elementor-element-populated\">\n\t\t\t\t\t\t<section data-particle_enable=\"false\" data-particle-mobile-disabled=\"false\" class=\"elementor-section elementor-inner-section elementor-element elementor-element-b4800d5 elementor-section-boxed elementor-section-height-default elementor-section-height-default\" data-id=\"b4800d5\" data-element_type=\"section\">\n\t\t\t\t\t\t<div class=\"elementor-container elementor-column-gap-default\">\n\t\t\t\t\t<div class=\"elementor-column elementor-col-100 elementor-inner-column elementor-element elementor-element-086a71a\" data-id=\"086a71a\" data-element_type=\"column\">\n\t\t\t<div class=\"elementor-widget-wrap elementor-element-populated\">\n\t\t\t\t\t\t<div class=\"elementor-element elementor-element-e514e6b elementor-widget elementor-widget-qi_addons_for_elementor_animated_text\" data-id=\"e514e6b\" data-element_type=\"widget\" data-widget_type=\"qi_addons_for_elementor_animated_text.default\">\n\t\t\t\t<div class=\"elementor-widget-container\">\n\t\t\t\t\t<div class=\"qodef-shortcode qodef-m qodef-qi-animated-text qodef--animated-by-word qodef--alignment-center qodef-qi--has-appear qodef--appear-from-bottom\" data-appear-delay=\"random\">\n\t\t<h1 class=\"qodef-m-title\">\n\t\t<span class=\"qodef-e-word\">Complaints<\/span> <span class=\"qodef-e-word\">channel<\/span>\t<\/h1>\n<\/div>\n\t\t\t\t<\/div>\n\t\t\t\t<\/div>\n\t\t\t\t\t<\/div>\n\t\t<\/div>\n\t\t\t\t\t<\/div>\n\t\t<\/section>\n\t\t\t\t<section data-particle_enable=\"false\" data-particle-mobile-disabled=\"false\" class=\"elementor-section elementor-inner-section elementor-element elementor-element-34908de animated-slow elementor-section-boxed elementor-section-height-default elementor-section-height-default elementor-invisible\" data-id=\"34908de\" data-element_type=\"section\" data-settings=\"{&quot;animation&quot;:&quot;fadeIn&quot;,&quot;animation_delay&quot;:500}\">\n\t\t\t\t\t\t<div class=\"elementor-container elementor-column-gap-default\">\n\t\t\t\t\t<div class=\"elementor-column elementor-col-100 elementor-inner-column elementor-element elementor-element-35640c4\" data-id=\"35640c4\" data-element_type=\"column\">\n\t\t\t<div class=\"elementor-widget-wrap elementor-element-populated\">\n\t\t\t\t\t\t<div class=\"elementor-element elementor-element-053665d elementor-widget elementor-widget-text-editor\" data-id=\"053665d\" data-element_type=\"widget\" data-widget_type=\"text-editor.default\">\n\t\t\t\t<div class=\"elementor-widget-container\">\n\t\t\t\t\t\t\t\t\t<p>RADAR PROCESS, S.L. is a company strongly committed to regulatory compliance, good practices, transparency, equality, sustainability and efficiency, regarding the company&#8217;s staff and third parties.<\/p><p>In order to comply with these principles, an Ethic Line has been implemented in the company, which can be used by any person.<\/p><p>The Ethic Line allows communications to be carried out securely, confidentially and anonymously through a digital platform where the informant can keep in contact with the organisation while preserving his or her identity.<\/p><p>For this purpose, a procedure and a Committee has been created to manage the Ethic Line.<\/p><p>The information provided through the Ethic Line will be processed for the exclusive purpose of analysing, detecting, denouncing and, where appropriate, preventing potentially unlawful conduct.<\/p><p>The Ethic Line is managed by an external entity, thus guaranteeing maximum confidentiality, independence, efficiency and objectivity with regard to the communications made.<\/p>\t\t\t\t\t\t\t\t<\/div>\n\t\t\t\t<\/div>\n\t\t\t\t\t<\/div>\n\t\t<\/div>\n\t\t\t\t\t<\/div>\n\t\t<\/section>\n\t\t\t\t<section data-particle_enable=\"false\" data-particle-mobile-disabled=\"false\" class=\"elementor-section elementor-inner-section elementor-element elementor-element-38154d9 animated-slow elementor-section-boxed elementor-section-height-default elementor-section-height-default elementor-invisible\" data-id=\"38154d9\" data-element_type=\"section\" data-settings=\"{&quot;animation&quot;:&quot;fadeIn&quot;,&quot;animation_delay&quot;:500}\">\n\t\t\t\t\t\t<div class=\"elementor-container elementor-column-gap-custom\">\n\t\t\t\t\t<div class=\"elementor-column elementor-col-100 elementor-inner-column elementor-element elementor-element-ea97ba4\" data-id=\"ea97ba4\" data-element_type=\"column\">\n\t\t\t<div class=\"elementor-widget-wrap elementor-element-populated\">\n\t\t\t\t\t\t<div class=\"elementor-element elementor-element-c1ff9ee elementor-widget elementor-widget-text-editor\" data-id=\"c1ff9ee\" data-element_type=\"widget\" data-widget_type=\"text-editor.default\">\n\t\t\t\t<div class=\"elementor-widget-container\">\n\t\t\t\t\t\t\t\t\t<p>You can consult the Ethic Line protocol through the following link:<\/p>\t\t\t\t\t\t\t\t<\/div>\n\t\t\t\t<\/div>\n\t\t\t\t<div class=\"elementor-element elementor-element-a799060 elementor-align-center animated-slow elementor-mobile-align-center elementor-invisible elementor-widget elementor-widget-button\" data-id=\"a799060\" data-element_type=\"widget\" data-settings=\"{&quot;_animation&quot;:&quot;fadeIn&quot;,&quot;_animation_delay&quot;:300}\" data-widget_type=\"button.default\">\n\t\t\t\t<div class=\"elementor-widget-container\">\n\t\t\t\t\t\t\t\t\t<div class=\"elementor-button-wrapper\">\n\t\t\t\t\t<a class=\"elementor-button elementor-button-link elementor-size-sm elementor-animation-grow\" href=\"https:\/\/radarprocess.com\/wp-content\/uploads\/2024\/01\/Ethical-Channel-Management-Protocol-RADAR-PROCESS-SL.pdf\" target=\"_blank\">\n\t\t\t\t\t\t<span class=\"elementor-button-content-wrapper\">\n\t\t\t\t\t\t\t\t\t<span class=\"elementor-button-text\">See protocol<\/span>\n\t\t\t\t\t<\/span>\n\t\t\t\t\t<\/a>\n\t\t\t\t<\/div>\n\t\t\t\t\t\t\t\t<\/div>\n\t\t\t\t<\/div>\n\t\t\t\t\t<\/div>\n\t\t<\/div>\n\t\t\t\t\t<\/div>\n\t\t<\/section>\n\t\t\t\t<section data-particle_enable=\"false\" data-particle-mobile-disabled=\"false\" class=\"elementor-section elementor-inner-section elementor-element elementor-element-922ceef animated-slow elementor-section-boxed elementor-section-height-default elementor-section-height-default elementor-invisible\" data-id=\"922ceef\" data-element_type=\"section\" data-settings=\"{&quot;animation&quot;:&quot;fadeIn&quot;,&quot;animation_delay&quot;:500}\">\n\t\t\t\t\t\t<div class=\"elementor-container elementor-column-gap-custom\">\n\t\t\t\t\t<div class=\"elementor-column elementor-col-100 elementor-inner-column elementor-element elementor-element-b7dfdd1\" data-id=\"b7dfdd1\" data-element_type=\"column\">\n\t\t\t<div class=\"elementor-widget-wrap elementor-element-populated\">\n\t\t\t\t\t\t<div class=\"elementor-element elementor-element-8c5547d elementor-widget elementor-widget-text-editor\" data-id=\"8c5547d\" data-element_type=\"widget\" data-widget_type=\"text-editor.default\">\n\t\t\t\t<div class=\"elementor-widget-container\">\n\t\t\t\t\t\t\t\t\t<p>Likewise, you can make any communication through the following link:<\/p>\t\t\t\t\t\t\t\t<\/div>\n\t\t\t\t<\/div>\n\t\t\t\t<div class=\"elementor-element elementor-element-8298b17 elementor-align-center animated-slow elementor-mobile-align-center elementor-invisible elementor-widget elementor-widget-button\" data-id=\"8298b17\" data-element_type=\"widget\" data-settings=\"{&quot;_animation&quot;:&quot;fadeIn&quot;,&quot;_animation_delay&quot;:300}\" data-widget_type=\"button.default\">\n\t\t\t\t<div class=\"elementor-widget-container\">\n\t\t\t\t\t\t\t\t\t<div class=\"elementor-button-wrapper\">\n\t\t\t\t\t<a class=\"elementor-button elementor-button-link elementor-size-sm elementor-animation-grow\" href=\"https:\/\/canaldedenuncias.escura.com\/#\/submission?context=cb3afd21-f01f-4c14-95f5-3b6b58b5db70\" target=\"_blank\">\n\t\t\t\t\t\t<span class=\"elementor-button-content-wrapper\">\n\t\t\t\t\t\t\t\t\t<span class=\"elementor-button-text\">Formulate communication<\/span>\n\t\t\t\t\t<\/span>\n\t\t\t\t\t<\/a>\n\t\t\t\t<\/div>\n\t\t\t\t\t\t\t\t<\/div>\n\t\t\t\t<\/div>\n\t\t\t\t\t<\/div>\n\t\t<\/div>\n\t\t\t\t\t<\/div>\n\t\t<\/section>\n\t\t\t\t<section data-particle_enable=\"false\" data-particle-mobile-disabled=\"false\" class=\"elementor-section elementor-inner-section elementor-element elementor-element-87a7a6f animated-slow elementor-section-boxed elementor-section-height-default elementor-section-height-default elementor-invisible\" data-id=\"87a7a6f\" data-element_type=\"section\" data-settings=\"{&quot;animation&quot;:&quot;fadeIn&quot;,&quot;animation_delay&quot;:500}\">\n\t\t\t\t\t\t<div class=\"elementor-container elementor-column-gap-custom\">\n\t\t\t\t\t<div class=\"elementor-column elementor-col-100 elementor-inner-column elementor-element elementor-element-afbb637\" data-id=\"afbb637\" data-element_type=\"column\">\n\t\t\t<div class=\"elementor-widget-wrap elementor-element-populated\">\n\t\t\t\t\t\t<div class=\"elementor-element elementor-element-6b91935 elementor-widget elementor-widget-text-editor\" data-id=\"6b91935\" data-element_type=\"widget\" data-widget_type=\"text-editor.default\">\n\t\t\t\t<div class=\"elementor-widget-container\">\n\t\t\t\t\t\t\t\t\t<p>You can also check the status of your communication through the following link:\u00a0<\/p>\t\t\t\t\t\t\t\t<\/div>\n\t\t\t\t<\/div>\n\t\t\t\t<div class=\"elementor-element elementor-element-cb85f61 elementor-align-center animated-slow elementor-mobile-align-center elementor-invisible elementor-widget elementor-widget-button\" data-id=\"cb85f61\" data-element_type=\"widget\" data-settings=\"{&quot;_animation&quot;:&quot;fadeIn&quot;,&quot;_animation_delay&quot;:300}\" data-widget_type=\"button.default\">\n\t\t\t\t<div class=\"elementor-widget-container\">\n\t\t\t\t\t\t\t\t\t<div class=\"elementor-button-wrapper\">\n\t\t\t\t\t<a class=\"elementor-button elementor-button-link elementor-size-sm elementor-animation-grow\" href=\"https:\/\/canaldedenuncias.escura.com\/#\/\" target=\"_blank\">\n\t\t\t\t\t\t<span class=\"elementor-button-content-wrapper\">\n\t\t\t\t\t\t\t\t\t<span class=\"elementor-button-text\">Check status<\/span>\n\t\t\t\t\t<\/span>\n\t\t\t\t\t<\/a>\n\t\t\t\t<\/div>\n\t\t\t\t\t\t\t\t<\/div>\n\t\t\t\t<\/div>\n\t\t\t\t\t<\/div>\n\t\t<\/div>\n\t\t\t\t\t<\/div>\n\t\t<\/section>\n\t\t\t\t\t<\/div>\n\t\t<\/div>\n\t\t\t\t\t<\/div>\n\t\t<\/section>\n\t\t\t\t<\/div>\n\t\t","protected":false},"excerpt":{"rendered":"<p>RADAR PROCESS, S.L. is a company strongly committed to regulatory compliance, good practices, transparency, equality, sustainability and efficiency, regarding the company&#8217;s staff and third parties. In order to comply with these principles, an Ethic Line has been implemented in the company, which can be used by any person. The Ethic Line allows communications to be&hellip;&nbsp;<a href=\"https:\/\/radarprocess.com\/en\/complaints-channel\/\" rel=\"bookmark\"><span class=\"screen-reader-text\">Complaints channel<\/span><\/a><\/p>\n","protected":false},"author":1,"featured_media":0,"parent":0,"menu_order":0,"comment_status":"closed","ping_status":"closed","template":"elementor_header_footer","meta":{"_acf_changed":false,"neve_meta_sidebar":"","neve_meta_container":"","neve_meta_enable_content_width":"off","neve_meta_content_width":100,"neve_meta_title_alignment":"","neve_meta_author_avatar":"","neve_post_elements_order":"","neve_meta_disable_header":"","neve_meta_disable_footer":"","neve_meta_disable_title":"","footnotes":""},"class_list":["post-4668","page","type-page","status-publish","hentry"],"acf":[],"yoast_head":"<!-- This site is optimized with the Yoast SEO plugin v26.9 - https:\/\/yoast.com\/product\/yoast-seo-wordpress\/ -->\n<title>Complaints channel | Radar Process<\/title>\n<meta name=\"robots\" content=\"noindex, follow\" \/>\n<meta property=\"og:locale\" content=\"en_US\" \/>\n<meta property=\"og:type\" content=\"article\" \/>\n<meta property=\"og:title\" content=\"Complaints channel | Radar Process\" \/>\n<meta property=\"og:description\" content=\"RADAR PROCESS, S.L. is a company strongly committed to regulatory compliance, good practices, transparency, equality, sustainability and efficiency, regarding the company&#8217;s staff and third parties. In order to comply with these principles, an Ethic Line has been implemented in the company, which can be used by any person. The Ethic Line allows communications to be&hellip;&nbsp;Complaints channel\" \/>\n<meta property=\"og:url\" content=\"https:\/\/radarprocess.com\/en\/complaints-channel\/\" \/>\n<meta property=\"og:site_name\" content=\"Radar Process\" \/>\n<meta property=\"article:modified_time\" content=\"2024-01-17T14:04:38+00:00\" \/>\n<meta property=\"og:image\" content=\"https:\/\/radarprocess.com\/wp-content\/uploads\/2023\/05\/logo-1.jpg\" \/>\n\t<meta property=\"og:image:width\" content=\"402\" \/>\n\t<meta property=\"og:image:height\" content=\"232\" \/>\n\t<meta property=\"og:image:type\" content=\"image\/jpeg\" \/>\n<meta name=\"twitter:card\" content=\"summary_large_image\" \/>\n<meta name=\"twitter:label1\" content=\"Est. reading time\" \/>\n\t<meta name=\"twitter:data1\" content=\"1 minute\" \/>\n<script type=\"application\/ld+json\" class=\"yoast-schema-graph\">{\"@context\":\"https:\/\/schema.org\",\"@graph\":[{\"@type\":\"WebPage\",\"@id\":\"https:\/\/radarprocess.com\/en\/complaints-channel\/\",\"url\":\"https:\/\/radarprocess.com\/en\/complaints-channel\/\",\"name\":\"Complaints channel | Radar Process\",\"isPartOf\":{\"@id\":\"https:\/\/radarprocess.com\/#website\"},\"datePublished\":\"2023-12-01T08:08:06+00:00\",\"dateModified\":\"2024-01-17T14:04:38+00:00\",\"breadcrumb\":{\"@id\":\"https:\/\/radarprocess.com\/en\/complaints-channel\/#breadcrumb\"},\"inLanguage\":\"en-US\",\"potentialAction\":[{\"@type\":\"ReadAction\",\"target\":[\"https:\/\/radarprocess.com\/en\/complaints-channel\/\"]}]},{\"@type\":\"BreadcrumbList\",\"@id\":\"https:\/\/radarprocess.com\/en\/complaints-channel\/#breadcrumb\",\"itemListElement\":[{\"@type\":\"ListItem\",\"position\":1,\"name\":\"Portada\",\"item\":\"https:\/\/radarprocess.com\/en\/\"},{\"@type\":\"ListItem\",\"position\":2,\"name\":\"Complaints channel\"}]},{\"@type\":\"WebSite\",\"@id\":\"https:\/\/radarprocess.com\/#website\",\"url\":\"https:\/\/radarprocess.com\/\",\"name\":\"Radar Process\",\"description\":\"Transporte neum\u00e1tico, dosificaci\u00f3n s\u00f3lidos y silos almacenado\",\"publisher\":{\"@id\":\"https:\/\/radarprocess.com\/#organization\"},\"alternateName\":\"Radar Process\",\"potentialAction\":[{\"@type\":\"SearchAction\",\"target\":{\"@type\":\"EntryPoint\",\"urlTemplate\":\"https:\/\/radarprocess.com\/?s={search_term_string}\"},\"query-input\":{\"@type\":\"PropertyValueSpecification\",\"valueRequired\":true,\"valueName\":\"search_term_string\"}}],\"inLanguage\":\"en-US\"},{\"@type\":\"Organization\",\"@id\":\"https:\/\/radarprocess.com\/#organization\",\"name\":\"Radar Process\",\"alternateName\":\"Radar Process\",\"url\":\"https:\/\/radarprocess.com\/\",\"logo\":{\"@type\":\"ImageObject\",\"inLanguage\":\"en-US\",\"@id\":\"https:\/\/radarprocess.com\/#\/schema\/logo\/image\/\",\"url\":\"https:\/\/radarprocess.com\/wp-content\/uploads\/2021\/11\/logo-1.jpg\",\"contentUrl\":\"https:\/\/radarprocess.com\/wp-content\/uploads\/2021\/11\/logo-1.jpg\",\"width\":330,\"height\":96,\"caption\":\"Radar Process\"},\"image\":{\"@id\":\"https:\/\/radarprocess.com\/#\/schema\/logo\/image\/\"},\"sameAs\":[\"https:\/\/www.linkedin.com\/company\/radar-process-sl\/\"]}]}<\/script>\n<!-- \/ Yoast SEO plugin. -->","yoast_head_json":{"title":"Complaints channel | Radar Process","robots":{"index":"noindex","follow":"follow"},"og_locale":"en_US","og_type":"article","og_title":"Complaints channel | Radar Process","og_description":"RADAR PROCESS, S.L. is a company strongly committed to regulatory compliance, good practices, transparency, equality, sustainability and efficiency, regarding the company&#8217;s staff and third parties. In order to comply with these principles, an Ethic Line has been implemented in the company, which can be used by any person. The Ethic Line allows communications to be&hellip;&nbsp;Complaints channel","og_url":"https:\/\/radarprocess.com\/en\/complaints-channel\/","og_site_name":"Radar Process","article_modified_time":"2024-01-17T14:04:38+00:00","og_image":[{"width":402,"height":232,"url":"https:\/\/radarprocess.com\/wp-content\/uploads\/2023\/05\/logo-1.jpg","type":"image\/jpeg"}],"twitter_card":"summary_large_image","twitter_misc":{"Est. reading time":"1 minute"},"schema":{"@context":"https:\/\/schema.org","@graph":[{"@type":"WebPage","@id":"https:\/\/radarprocess.com\/en\/complaints-channel\/","url":"https:\/\/radarprocess.com\/en\/complaints-channel\/","name":"Complaints channel | Radar Process","isPartOf":{"@id":"https:\/\/radarprocess.com\/#website"},"datePublished":"2023-12-01T08:08:06+00:00","dateModified":"2024-01-17T14:04:38+00:00","breadcrumb":{"@id":"https:\/\/radarprocess.com\/en\/complaints-channel\/#breadcrumb"},"inLanguage":"en-US","potentialAction":[{"@type":"ReadAction","target":["https:\/\/radarprocess.com\/en\/complaints-channel\/"]}]},{"@type":"BreadcrumbList","@id":"https:\/\/radarprocess.com\/en\/complaints-channel\/#breadcrumb","itemListElement":[{"@type":"ListItem","position":1,"name":"Portada","item":"https:\/\/radarprocess.com\/en\/"},{"@type":"ListItem","position":2,"name":"Complaints channel"}]},{"@type":"WebSite","@id":"https:\/\/radarprocess.com\/#website","url":"https:\/\/radarprocess.com\/","name":"Radar Process","description":"Transporte neum\u00e1tico, dosificaci\u00f3n s\u00f3lidos y silos almacenado","publisher":{"@id":"https:\/\/radarprocess.com\/#organization"},"alternateName":"Radar Process","potentialAction":[{"@type":"SearchAction","target":{"@type":"EntryPoint","urlTemplate":"https:\/\/radarprocess.com\/?s={search_term_string}"},"query-input":{"@type":"PropertyValueSpecification","valueRequired":true,"valueName":"search_term_string"}}],"inLanguage":"en-US"},{"@type":"Organization","@id":"https:\/\/radarprocess.com\/#organization","name":"Radar Process","alternateName":"Radar Process","url":"https:\/\/radarprocess.com\/","logo":{"@type":"ImageObject","inLanguage":"en-US","@id":"https:\/\/radarprocess.com\/#\/schema\/logo\/image\/","url":"https:\/\/radarprocess.com\/wp-content\/uploads\/2021\/11\/logo-1.jpg","contentUrl":"https:\/\/radarprocess.com\/wp-content\/uploads\/2021\/11\/logo-1.jpg","width":330,"height":96,"caption":"Radar Process"},"image":{"@id":"https:\/\/radarprocess.com\/#\/schema\/logo\/image\/"},"sameAs":["https:\/\/www.linkedin.com\/company\/radar-process-sl\/"]}]}},"_links":{"self":[{"href":"https:\/\/radarprocess.com\/en\/wp-json\/wp\/v2\/pages\/4668","targetHints":{"allow":["GET"]}}],"collection":[{"href":"https:\/\/radarprocess.com\/en\/wp-json\/wp\/v2\/pages"}],"about":[{"href":"https:\/\/radarprocess.com\/en\/wp-json\/wp\/v2\/types\/page"}],"author":[{"embeddable":true,"href":"https:\/\/radarprocess.com\/en\/wp-json\/wp\/v2\/users\/1"}],"replies":[{"embeddable":true,"href":"https:\/\/radarprocess.com\/en\/wp-json\/wp\/v2\/comments?post=4668"}],"version-history":[{"count":10,"href":"https:\/\/radarprocess.com\/en\/wp-json\/wp\/v2\/pages\/4668\/revisions"}],"predecessor-version":[{"id":4735,"href":"https:\/\/radarprocess.com\/en\/wp-json\/wp\/v2\/pages\/4668\/revisions\/4735"}],"wp:attachment":[{"href":"https:\/\/radarprocess.com\/en\/wp-json\/wp\/v2\/media?parent=4668"}],"curies":[{"name":"wp","href":"https:\/\/api.w.org\/{rel}","templated":true}]}}