{"id":3824,"date":"2023-04-26T08:49:37","date_gmt":"2023-04-26T06:49:37","guid":{"rendered":"https:\/\/radarprocess.com\/proteccion-de-datos\/"},"modified":"2023-05-02T11:08:54","modified_gmt":"2023-05-02T09:08:54","slug":"protection-de-donnees","status":"publish","type":"page","link":"https:\/\/radarprocess.com\/fr\/protection-de-donnees\/","title":{"rendered":"Protection de donn\u00e9es"},"content":{"rendered":"\t\t<div data-elementor-type=\"wp-page\" data-elementor-id=\"3824\" class=\"elementor elementor-3824 elementor-3797\" data-elementor-post-type=\"page\">\n\t\t\t\t\t\t<section data-particle_enable=\"false\" data-particle-mobile-disabled=\"false\" class=\"elementor-section elementor-top-section elementor-element elementor-element-1f9dab74 elementor-section-boxed elementor-section-height-default elementor-section-height-default\" data-id=\"1f9dab74\" data-element_type=\"section\">\n\t\t\t\t\t\t<div class=\"elementor-container elementor-column-gap-default\">\n\t\t\t\t\t<div class=\"elementor-column elementor-col-100 elementor-top-column elementor-element elementor-element-32cdf545\" data-id=\"32cdf545\" data-element_type=\"column\">\n\t\t\t<div class=\"elementor-widget-wrap elementor-element-populated\">\n\t\t\t\t\t\t<section data-particle_enable=\"false\" data-particle-mobile-disabled=\"false\" class=\"elementor-section elementor-inner-section elementor-element elementor-element-1a297cdf elementor-section-boxed elementor-section-height-default elementor-section-height-default\" data-id=\"1a297cdf\" data-element_type=\"section\">\n\t\t\t\t\t\t<div class=\"elementor-container elementor-column-gap-default\">\n\t\t\t\t\t<div class=\"elementor-column elementor-col-100 elementor-inner-column elementor-element elementor-element-42bbb43e\" data-id=\"42bbb43e\" data-element_type=\"column\">\n\t\t\t<div class=\"elementor-widget-wrap elementor-element-populated\">\n\t\t\t\t\t\t<div class=\"elementor-element elementor-element-76a94730 elementor-widget elementor-widget-qi_addons_for_elementor_animated_text\" data-id=\"76a94730\" data-element_type=\"widget\" data-widget_type=\"qi_addons_for_elementor_animated_text.default\">\n\t\t\t\t<div class=\"elementor-widget-container\">\n\t\t\t\t\t<div class=\"qodef-shortcode qodef-m qodef-qi-animated-text qodef--animated-by-word qodef--alignment-center qodef-qi--has-appear qodef--appear-from-bottom\" data-appear-delay=\"random\">\n\t\t<h1 class=\"qodef-m-title\">\n\t\t<span class=\"qodef-e-word\">Protection<\/span> <span class=\"qodef-e-word\">de<\/span> <span class=\"qodef-e-word\">donn\u00e9es<\/span>\t<\/h1>\n<\/div>\n\t\t\t\t<\/div>\n\t\t\t\t<\/div>\n\t\t\t\t\t<\/div>\n\t\t<\/div>\n\t\t\t\t\t<\/div>\n\t\t<\/section>\n\t\t\t\t<section data-particle_enable=\"false\" data-particle-mobile-disabled=\"false\" class=\"elementor-section elementor-inner-section elementor-element elementor-element-78852420 animated-slow elementor-section-boxed elementor-section-height-default elementor-section-height-default elementor-invisible\" data-id=\"78852420\" data-element_type=\"section\" data-settings=\"{&quot;animation&quot;:&quot;fadeIn&quot;,&quot;animation_delay&quot;:500}\">\n\t\t\t\t\t\t<div class=\"elementor-container elementor-column-gap-default\">\n\t\t\t\t\t<div class=\"elementor-column elementor-col-100 elementor-inner-column elementor-element elementor-element-660386e\" data-id=\"660386e\" data-element_type=\"column\">\n\t\t\t<div class=\"elementor-widget-wrap elementor-element-populated\">\n\t\t\t\t\t\t<div class=\"elementor-element elementor-element-2b01b77e elementor-widget elementor-widget-text-editor\" data-id=\"2b01b77e\" data-element_type=\"widget\" data-widget_type=\"text-editor.default\">\n\t\t\t\t<div class=\"elementor-widget-container\">\n\t\t\t\t\t\t\t\t\t<p style=\"font-weight: 500;\"><strong>\u00bfQui\u00e9n es el Responsable del tratamiento de sus datos?<\/strong><\/p><p style=\"font-weight: 500;\">Identidad:\u00a0\u00a0\u00a0\u00a0\u00a0\u00a0\u00a0\u00a0\u00a0\u00a0RADAR PROCESS SL. (en adelante, RADAR)<\/p><p style=\"font-weight: 500;\">Domicilio:\u00a0\u00a0\u00a0\u00a0\u00a0\u00a0\u00a0\u00a0\u00a0\u00a0\u00a0\u00a0P.I. Pla de Llerona, c\/\u00c0ustria 9, 08520 Les Franqueses del Vall\u00e8s (Barcelona).<\/p><p style=\"font-weight: 500;\">Tel\u00e9fono:\u00a0\u00a0\u00a0\u00a0\u00a0\u00a0\u00a0\u00a0\u00a0\u00a0\u00a0\u00a0+34 93 886 96 00<\/p><p style=\"font-weight: 500;\">Mail:\u00a0\u00a0\u00a0\u00a0\u00a0\u00a0\u00a0\u00a0\u00a0\u00a0\u00a0\u00a0\u00a0\u00a0\u00a0\u00a0\u00a0\u00a0\u00a0\u00a0\u00a0<a href=\"mailto:radarprocess@radraprocess.com?subject=RGPD\">radarprocess@radraprocess.com<\/a><\/p><p>\u00a0<\/p><p style=\"font-weight: 500;\"><strong>\u00bfCon qu\u00e9 finalidad tratamos sus datos personales?<\/strong><\/p><p style=\"font-weight: 500;\">RADAR podr\u00e1 utilizar los datos personales que nos hab\u00eda facilitado o hab\u00edamos obtenido para realizar comunicaciones v\u00eda correo electr\u00f3nico acerca de eventos, as\u00ed como comunicaciones que pueda ser de su inter\u00e9s.\u00a0<\/p><p style=\"font-weight: 500;\">En RADAR podremos tratar su informaci\u00f3n con el fin de mantenerte informado de las newsletter que podamos realizar.<\/p><p>\u00a0<\/p><p style=\"font-weight: 500;\"><strong>\u00bfPor cu\u00e1nto tiempo conservaremos sus datos?<\/strong><\/p><p style=\"font-weight: 500;\">Sus datos personales se conservar\u00e1n mientras exista relaci\u00f3n entre las partes y no solicite la supresi\u00f3n de los env\u00edos de mails informativos que le realicemos.<\/p><p>\u00a0<\/p><p style=\"font-weight: 500;\"><strong>\u00bfCu\u00e1l es la legitimaci\u00f3n para el tratamiento de sus datos?<\/strong><\/p><p style=\"font-weight: 500;\">La base legal para el tratamiento de los datos es el consentimiento que nos haya otorgado para el presente tratamiento de tus datos. Dichos datos ser\u00e1n tratados con la m\u00e1xima confidencialidad.<\/p><p>\u00a0<\/p><p style=\"font-weight: 500;\"><strong>\u00bfA qu\u00e9 destinatarios se comunicar\u00e1n sus datos?<\/strong><\/p><p style=\"font-weight: 500;\">Los datos personales son tratados \u00fanica y exclusivamente por nosotros. No se comunicar\u00e1n a ning\u00fan tercero, salvo obligaci\u00f3n legal.<\/p><p>\u00a0<\/p><p style=\"font-weight: 500;\"><strong>\u00bfCu\u00e1les son sus derechos cuando nos facilita sus datos?<\/strong><\/p><p style=\"font-weight: 500;\">Cualquier persona tiene derecho a obtener confirmaci\u00f3n sobre si en RADAR estamos tratando datos personales que les conciernan, o no. Las personas interesadas tienen derecho a acceder a sus datos personales, as\u00ed como a solicitar la rectificaci\u00f3n de los datos inexactos o, en su caso, solicitar su supresi\u00f3n cuando, entre otros motivos, los datos ya no sean necesarios para los fines que fueron recogidos. En determinadas circunstancias, los interesados podr\u00e1n solicitar la limitaci\u00f3n del tratamiento de sus datos, en cuyo caso \u00fanicamente los conservaremos para el ejercicio o la defensa de reclamaciones. En determinadas circunstancias y por motivos relacionados con su situaci\u00f3n particular, los interesados podr\u00e1n oponerse al tratamiento de sus datos. RADAR dejar\u00e1 de tratar los datos, salvo por motivos leg\u00edtimos imperiosos, o el ejercicio o la defensa de posibles reclamaciones.<\/p><p style=\"font-weight: 500;\">En cualquier momento podr\u00e1 retirar el consentimiento prestado. Asimismo, tiene derecho a reclamar ante la Autoridad de Control en el caso de que considere que no estamos atendiendo alguno de los derechos que le asisten y nos ejerce.<\/p>\t\t\t\t\t\t\t\t<\/div>\n\t\t\t\t<\/div>\n\t\t\t\t\t<\/div>\n\t\t<\/div>\n\t\t\t\t\t<\/div>\n\t\t<\/section>\n\t\t\t\t\t<\/div>\n\t\t<\/div>\n\t\t\t\t\t<\/div>\n\t\t<\/section>\n\t\t\t\t<\/div>\n\t\t","protected":false},"excerpt":{"rendered":"<p>\u00bfQui\u00e9n es el Responsable del tratamiento de sus datos? Identidad:\u00a0\u00a0\u00a0\u00a0\u00a0\u00a0\u00a0\u00a0\u00a0\u00a0RADAR PROCESS SL. (en adelante, RADAR) Domicilio:\u00a0\u00a0\u00a0\u00a0\u00a0\u00a0\u00a0\u00a0\u00a0\u00a0\u00a0\u00a0P.I. Pla de Llerona, c\/\u00c0ustria 9, 08520 Les Franqueses del Vall\u00e8s (Barcelona). Tel\u00e9fono:\u00a0\u00a0\u00a0\u00a0\u00a0\u00a0\u00a0\u00a0\u00a0\u00a0\u00a0\u00a0+34 93 886 96 00 Mail:\u00a0\u00a0\u00a0\u00a0\u00a0\u00a0\u00a0\u00a0\u00a0\u00a0\u00a0\u00a0\u00a0\u00a0\u00a0\u00a0\u00a0\u00a0\u00a0\u00a0\u00a0radarprocess@radraprocess.com \u00bfCon qu\u00e9 finalidad tratamos sus datos personales? RADAR podr\u00e1 utilizar los datos personales que nos hab\u00eda facilitado o hab\u00edamos obtenido para realizar&hellip;&nbsp;<a href=\"https:\/\/radarprocess.com\/fr\/protection-de-donnees\/\" rel=\"bookmark\"><span class=\"screen-reader-text\">Protection de donn\u00e9es<\/span><\/a><\/p>\n","protected":false},"author":1,"featured_media":0,"parent":0,"menu_order":0,"comment_status":"closed","ping_status":"closed","template":"elementor_header_footer","meta":{"_acf_changed":false,"neve_meta_sidebar":"","neve_meta_container":"","neve_meta_enable_content_width":"off","neve_meta_content_width":100,"neve_meta_title_alignment":"","neve_meta_author_avatar":"","neve_post_elements_order":"","neve_meta_disable_header":"","neve_meta_disable_footer":"","neve_meta_disable_title":"","footnotes":""},"class_list":["post-3824","page","type-page","status-publish","hentry"],"acf":[],"yoast_head":"<!-- This site is optimized with the Yoast SEO plugin v26.9 - https:\/\/yoast.com\/product\/yoast-seo-wordpress\/ -->\n<title>Protection de donn\u00e9es | Radar Process<\/title>\n<meta name=\"robots\" content=\"noindex, follow\" \/>\n<meta property=\"og:locale\" content=\"fr_FR\" \/>\n<meta property=\"og:type\" content=\"article\" \/>\n<meta property=\"og:title\" content=\"Protection de donn\u00e9es | Radar Process\" \/>\n<meta property=\"og:description\" content=\"\u00bfQui\u00e9n es el Responsable del tratamiento de sus datos? Identidad:\u00a0\u00a0\u00a0\u00a0\u00a0\u00a0\u00a0\u00a0\u00a0\u00a0RADAR PROCESS SL. (en adelante, RADAR) Domicilio:\u00a0\u00a0\u00a0\u00a0\u00a0\u00a0\u00a0\u00a0\u00a0\u00a0\u00a0\u00a0P.I. Pla de Llerona, c\/\u00c0ustria 9, 08520 Les Franqueses del Vall\u00e8s (Barcelona). Tel\u00e9fono:\u00a0\u00a0\u00a0\u00a0\u00a0\u00a0\u00a0\u00a0\u00a0\u00a0\u00a0\u00a0+34 93 886 96 00 Mail:\u00a0\u00a0\u00a0\u00a0\u00a0\u00a0\u00a0\u00a0\u00a0\u00a0\u00a0\u00a0\u00a0\u00a0\u00a0\u00a0\u00a0\u00a0\u00a0\u00a0\u00a0radarprocess@radraprocess.com \u00bfCon qu\u00e9 finalidad tratamos sus datos personales? RADAR podr\u00e1 utilizar los datos personales que nos hab\u00eda facilitado o hab\u00edamos obtenido para realizar&hellip;&nbsp;Protection de donn\u00e9es\" \/>\n<meta property=\"og:url\" content=\"https:\/\/radarprocess.com\/fr\/protection-de-donnees\/\" \/>\n<meta property=\"og:site_name\" content=\"Radar Process\" \/>\n<meta property=\"article:modified_time\" content=\"2023-05-02T09:08:54+00:00\" \/>\n<meta property=\"og:image\" content=\"https:\/\/radarprocess.com\/wp-content\/uploads\/2023\/05\/logo-1.jpg\" \/>\n\t<meta property=\"og:image:width\" content=\"402\" \/>\n\t<meta property=\"og:image:height\" content=\"232\" \/>\n\t<meta property=\"og:image:type\" content=\"image\/jpeg\" \/>\n<meta name=\"twitter:card\" content=\"summary_large_image\" \/>\n<meta name=\"twitter:label1\" content=\"Dur\u00e9e de lecture estim\u00e9e\" \/>\n\t<meta name=\"twitter:data1\" content=\"2 minutes\" \/>\n<script type=\"application\/ld+json\" class=\"yoast-schema-graph\">{\"@context\":\"https:\/\/schema.org\",\"@graph\":[{\"@type\":\"WebPage\",\"@id\":\"https:\/\/radarprocess.com\/fr\/protection-de-donnees\/\",\"url\":\"https:\/\/radarprocess.com\/fr\/protection-de-donnees\/\",\"name\":\"Protection de donn\u00e9es | Radar Process\",\"isPartOf\":{\"@id\":\"https:\/\/radarprocess.com\/#website\"},\"datePublished\":\"2023-04-26T06:49:37+00:00\",\"dateModified\":\"2023-05-02T09:08:54+00:00\",\"breadcrumb\":{\"@id\":\"https:\/\/radarprocess.com\/fr\/protection-de-donnees\/#breadcrumb\"},\"inLanguage\":\"fr-FR\",\"potentialAction\":[{\"@type\":\"ReadAction\",\"target\":[\"https:\/\/radarprocess.com\/fr\/protection-de-donnees\/\"]}]},{\"@type\":\"BreadcrumbList\",\"@id\":\"https:\/\/radarprocess.com\/fr\/protection-de-donnees\/#breadcrumb\",\"itemListElement\":[{\"@type\":\"ListItem\",\"position\":1,\"name\":\"Portada\",\"item\":\"https:\/\/radarprocess.com\/fr\/\"},{\"@type\":\"ListItem\",\"position\":2,\"name\":\"Protection de donn\u00e9es\"}]},{\"@type\":\"WebSite\",\"@id\":\"https:\/\/radarprocess.com\/#website\",\"url\":\"https:\/\/radarprocess.com\/\",\"name\":\"Radar Process\",\"description\":\"Transporte neum\u00e1tico, dosificaci\u00f3n s\u00f3lidos y silos almacenado\",\"publisher\":{\"@id\":\"https:\/\/radarprocess.com\/#organization\"},\"alternateName\":\"Radar Process\",\"potentialAction\":[{\"@type\":\"SearchAction\",\"target\":{\"@type\":\"EntryPoint\",\"urlTemplate\":\"https:\/\/radarprocess.com\/?s={search_term_string}\"},\"query-input\":{\"@type\":\"PropertyValueSpecification\",\"valueRequired\":true,\"valueName\":\"search_term_string\"}}],\"inLanguage\":\"fr-FR\"},{\"@type\":\"Organization\",\"@id\":\"https:\/\/radarprocess.com\/#organization\",\"name\":\"Radar Process\",\"alternateName\":\"Radar Process\",\"url\":\"https:\/\/radarprocess.com\/\",\"logo\":{\"@type\":\"ImageObject\",\"inLanguage\":\"fr-FR\",\"@id\":\"https:\/\/radarprocess.com\/#\/schema\/logo\/image\/\",\"url\":\"https:\/\/radarprocess.com\/wp-content\/uploads\/2021\/11\/logo-1.jpg\",\"contentUrl\":\"https:\/\/radarprocess.com\/wp-content\/uploads\/2021\/11\/logo-1.jpg\",\"width\":330,\"height\":96,\"caption\":\"Radar Process\"},\"image\":{\"@id\":\"https:\/\/radarprocess.com\/#\/schema\/logo\/image\/\"},\"sameAs\":[\"https:\/\/www.linkedin.com\/company\/radar-process-sl\/\"]}]}<\/script>\n<!-- \/ Yoast SEO plugin. -->","yoast_head_json":{"title":"Protection de donn\u00e9es | Radar Process","robots":{"index":"noindex","follow":"follow"},"og_locale":"fr_FR","og_type":"article","og_title":"Protection de donn\u00e9es | Radar Process","og_description":"\u00bfQui\u00e9n es el Responsable del tratamiento de sus datos? Identidad:\u00a0\u00a0\u00a0\u00a0\u00a0\u00a0\u00a0\u00a0\u00a0\u00a0RADAR PROCESS SL. (en adelante, RADAR) Domicilio:\u00a0\u00a0\u00a0\u00a0\u00a0\u00a0\u00a0\u00a0\u00a0\u00a0\u00a0\u00a0P.I. Pla de Llerona, c\/\u00c0ustria 9, 08520 Les Franqueses del Vall\u00e8s (Barcelona). Tel\u00e9fono:\u00a0\u00a0\u00a0\u00a0\u00a0\u00a0\u00a0\u00a0\u00a0\u00a0\u00a0\u00a0+34 93 886 96 00 Mail:\u00a0\u00a0\u00a0\u00a0\u00a0\u00a0\u00a0\u00a0\u00a0\u00a0\u00a0\u00a0\u00a0\u00a0\u00a0\u00a0\u00a0\u00a0\u00a0\u00a0\u00a0radarprocess@radraprocess.com \u00bfCon qu\u00e9 finalidad tratamos sus datos personales? RADAR podr\u00e1 utilizar los datos personales que nos hab\u00eda facilitado o hab\u00edamos obtenido para realizar&hellip;&nbsp;Protection de donn\u00e9es","og_url":"https:\/\/radarprocess.com\/fr\/protection-de-donnees\/","og_site_name":"Radar Process","article_modified_time":"2023-05-02T09:08:54+00:00","og_image":[{"width":402,"height":232,"url":"https:\/\/radarprocess.com\/wp-content\/uploads\/2023\/05\/logo-1.jpg","type":"image\/jpeg"}],"twitter_card":"summary_large_image","twitter_misc":{"Dur\u00e9e de lecture estim\u00e9e":"2 minutes"},"schema":{"@context":"https:\/\/schema.org","@graph":[{"@type":"WebPage","@id":"https:\/\/radarprocess.com\/fr\/protection-de-donnees\/","url":"https:\/\/radarprocess.com\/fr\/protection-de-donnees\/","name":"Protection de donn\u00e9es | Radar Process","isPartOf":{"@id":"https:\/\/radarprocess.com\/#website"},"datePublished":"2023-04-26T06:49:37+00:00","dateModified":"2023-05-02T09:08:54+00:00","breadcrumb":{"@id":"https:\/\/radarprocess.com\/fr\/protection-de-donnees\/#breadcrumb"},"inLanguage":"fr-FR","potentialAction":[{"@type":"ReadAction","target":["https:\/\/radarprocess.com\/fr\/protection-de-donnees\/"]}]},{"@type":"BreadcrumbList","@id":"https:\/\/radarprocess.com\/fr\/protection-de-donnees\/#breadcrumb","itemListElement":[{"@type":"ListItem","position":1,"name":"Portada","item":"https:\/\/radarprocess.com\/fr\/"},{"@type":"ListItem","position":2,"name":"Protection de donn\u00e9es"}]},{"@type":"WebSite","@id":"https:\/\/radarprocess.com\/#website","url":"https:\/\/radarprocess.com\/","name":"Radar Process","description":"Transporte neum\u00e1tico, dosificaci\u00f3n s\u00f3lidos y silos almacenado","publisher":{"@id":"https:\/\/radarprocess.com\/#organization"},"alternateName":"Radar Process","potentialAction":[{"@type":"SearchAction","target":{"@type":"EntryPoint","urlTemplate":"https:\/\/radarprocess.com\/?s={search_term_string}"},"query-input":{"@type":"PropertyValueSpecification","valueRequired":true,"valueName":"search_term_string"}}],"inLanguage":"fr-FR"},{"@type":"Organization","@id":"https:\/\/radarprocess.com\/#organization","name":"Radar Process","alternateName":"Radar Process","url":"https:\/\/radarprocess.com\/","logo":{"@type":"ImageObject","inLanguage":"fr-FR","@id":"https:\/\/radarprocess.com\/#\/schema\/logo\/image\/","url":"https:\/\/radarprocess.com\/wp-content\/uploads\/2021\/11\/logo-1.jpg","contentUrl":"https:\/\/radarprocess.com\/wp-content\/uploads\/2021\/11\/logo-1.jpg","width":330,"height":96,"caption":"Radar Process"},"image":{"@id":"https:\/\/radarprocess.com\/#\/schema\/logo\/image\/"},"sameAs":["https:\/\/www.linkedin.com\/company\/radar-process-sl\/"]}]}},"_links":{"self":[{"href":"https:\/\/radarprocess.com\/fr\/wp-json\/wp\/v2\/pages\/3824","targetHints":{"allow":["GET"]}}],"collection":[{"href":"https:\/\/radarprocess.com\/fr\/wp-json\/wp\/v2\/pages"}],"about":[{"href":"https:\/\/radarprocess.com\/fr\/wp-json\/wp\/v2\/types\/page"}],"author":[{"embeddable":true,"href":"https:\/\/radarprocess.com\/fr\/wp-json\/wp\/v2\/users\/1"}],"replies":[{"embeddable":true,"href":"https:\/\/radarprocess.com\/fr\/wp-json\/wp\/v2\/comments?post=3824"}],"version-history":[{"count":2,"href":"https:\/\/radarprocess.com\/fr\/wp-json\/wp\/v2\/pages\/3824\/revisions"}],"predecessor-version":[{"id":3830,"href":"https:\/\/radarprocess.com\/fr\/wp-json\/wp\/v2\/pages\/3824\/revisions\/3830"}],"wp:attachment":[{"href":"https:\/\/radarprocess.com\/fr\/wp-json\/wp\/v2\/media?parent=3824"}],"curies":[{"name":"wp","href":"https:\/\/api.w.org\/{rel}","templated":true}]}}